
{"id":44308,"date":"2025-01-30T11:54:47","date_gmt":"2025-01-30T11:54:47","guid":{"rendered":"https:\/\/kgksuisse.ch\/epreuve-de-provenance\/"},"modified":"2025-02-27T12:45:26","modified_gmt":"2025-02-27T12:45:26","slug":"epreuve-de-provenance","status":"publish","type":"page","link":"https:\/\/kgksuisse.ch\/fr\/epreuve-de-provenance\/","title":{"rendered":"\u00c9preuve de provenance"},"content":{"rendered":"\n<p class=\"has-text-align-center\">Provenance Proof s&rsquo;est donn\u00e9 pour mission de renforcer la transparence et la confiance dans l&rsquo;industrie mondiale des pierres pr\u00e9cieuses et de la joaillerie gr\u00e2ce \u00e0 des technologies innovantes. En int\u00e9grant ses marqueurs ADN avanc\u00e9s et la technologie s\u00e9curis\u00e9e de la cha\u00eene de blocs dans notre site Diamants de M\u00eal\u00e9e, nous offrons une tra\u00e7abilit\u00e9 sans pr\u00e9c\u00e9dent et d\u00e9montrable tout au long de la cha\u00eene d&rsquo;approvisionnement, de la pierre brute au diamant fini.   <br\/>Chaque diamant Mel\u00e9e que vous achetez chez nous peut \u00eatre physiquement trac\u00e9 jusqu&rsquo;\u00e0 KGK Suisse et sa source d&rsquo;origine.<br\/><br\/>Tous nos Diamants de M\u00eal\u00e9e sont marqu\u00e9s de mani\u00e8re s\u00e9curis\u00e9e avec le nano-traceur ADN Provenance Proof et sont fournis avec une documentation num\u00e9rique compl\u00e8te stock\u00e9e sur la cha\u00eene de blocs Provenance Proof, reconnue par l&rsquo;industrie. Avec nos Diamants de M\u00eal\u00e9e, vous pouvez \u00eatre s\u00fbr que votre cha\u00eene d&rsquo;approvisionnement est enti\u00e8rement conforme \u00e0 votre cadre interne et l\u00e9gal. <\/p>\n\n<p class=\"has-text-align-center\"><\/p>\n\n<p class=\"has-text-align-center\"><\/p>\n\n<div class=\"wp-block-group has-global-padding is-layout-constrained wp-block-group-is-layout-constrained\" style=\"margin-top:var(--wp--preset--spacing--80);margin-bottom:var(--wp--preset--spacing--80)\">\n<div id=\"acf-block-679b68873bb5d\" class=\"image-mode-switcher image-mode-switcher-69d633a2e522a\">\n            <img decoding=\"async\" class=\"light-mode-image\" src=\"https:\/\/kgksuisse.ch\/wp-content\/uploads\/2024\/11\/provenance_proof_Black.svg\" alt=\"\">\n        <img decoding=\"async\" class=\"dark-mode-image\" src=\"https:\/\/kgksuisse.ch\/wp-content\/uploads\/2024\/11\/provenance_proof_White.svg\" alt=\"\">\n    <\/div>\n\n\n<style>\n    .image-mode-switcher-69d633a2e522a {\n        position: relative;\n        display: flex;\n        justify-content: center;\n        align-items: center;\n        height: 200px;\n    }\n\n    .image-mode-switcher-69d633a2e522a img {\n        width: 100%;\n        height: 100%;\n        object-fit: contain;\n    }\n\n    \/* Light mode (default) *\/\n    .image-mode-switcher-69d633a2e522a .dark-mode-image {\n        display: none;\n    }\n\n    .image-mode-switcher-69d633a2e522a .light-mode-image {\n        display: block;\n    }\n\n    \/* Dark mode *\/\n    .dark-mode-on .image-mode-switcher-69d633a2e522a .light-mode-image {\n        display: none;\n    }\n\n    .dark-mode-on .image-mode-switcher-69d633a2e522a .dark-mode-image {\n        display: block;\n    }\n<\/style>\n<\/div>\n","protected":false},"excerpt":{"rendered":"<p>Provenance Proof s&rsquo;est donn\u00e9 pour mission de renforcer la transparence et la confiance dans l&rsquo;industrie mondiale des pierres pr\u00e9cieuses et de la joaillerie gr\u00e2ce \u00e0 des technologies innovantes. En int\u00e9grant ses marqueurs ADN avanc\u00e9s et la technologie s\u00e9curis\u00e9e de la cha\u00eene de blocs dans notre site Diamants de M\u00eal\u00e9e, nous offrons une tra\u00e7abilit\u00e9 sans pr\u00e9c\u00e9dent [&hellip;]<\/p>\n","protected":false},"author":1,"featured_media":0,"parent":0,"menu_order":0,"comment_status":"closed","ping_status":"closed","template":"","meta":{"_acf_changed":false,"footnotes":""},"class_list":["post-44308","page","type-page","status-publish","hentry"],"acf":[],"_links":{"self":[{"href":"https:\/\/kgksuisse.ch\/fr\/wp-json\/wp\/v2\/pages\/44308","targetHints":{"allow":["GET"]}}],"collection":[{"href":"https:\/\/kgksuisse.ch\/fr\/wp-json\/wp\/v2\/pages"}],"about":[{"href":"https:\/\/kgksuisse.ch\/fr\/wp-json\/wp\/v2\/types\/page"}],"author":[{"embeddable":true,"href":"https:\/\/kgksuisse.ch\/fr\/wp-json\/wp\/v2\/users\/1"}],"replies":[{"embeddable":true,"href":"https:\/\/kgksuisse.ch\/fr\/wp-json\/wp\/v2\/comments?post=44308"}],"version-history":[{"count":1,"href":"https:\/\/kgksuisse.ch\/fr\/wp-json\/wp\/v2\/pages\/44308\/revisions"}],"predecessor-version":[{"id":44309,"href":"https:\/\/kgksuisse.ch\/fr\/wp-json\/wp\/v2\/pages\/44308\/revisions\/44309"}],"wp:attachment":[{"href":"https:\/\/kgksuisse.ch\/fr\/wp-json\/wp\/v2\/media?parent=44308"}],"curies":[{"name":"wp","href":"https:\/\/api.w.org\/{rel}","templated":true}]}}