
{"id":2816,"date":"2024-11-12T07:32:25","date_gmt":"2024-11-12T07:32:25","guid":{"rendered":"https:\/\/kgksuisse.ch\/mentions-legales\/"},"modified":"2025-01-15T13:05:34","modified_gmt":"2025-01-15T13:05:34","slug":"mentions-legales","status":"publish","type":"page","link":"https:\/\/kgksuisse.ch\/fr\/mentions-legales\/","title":{"rendered":"Mentions l\u00e9gales"},"content":{"rendered":"\n<h5 class=\"wp-block-heading\">KGK Suisse<\/h5>\n\n<p>Patrik Sch\u00e4fer CEO \/ Daniel Rohrbach CGO \/ Michel Py IT<\/p>\n\n<p>+41 32 888 28 88<\/p>\n\n<p>KGK Suisse SA, c\/o Marc D\u00f6rflinger Advokatur + Notariat, Jurastrasse 15, 2502 Biel\/Bienne<\/p>\n\n<p><a href=\"mailto:info@kgksuisse.ch\">info@kgksuisse.ch<\/a><\/p>\n\n<p>CHE-406.959.972<\/p>\n\n<p><strong>D\u00c9CLARATION DE RENONCIATION<\/strong><\/p>\n\n<p><strong>1. contenu<\/strong><br\/>L&rsquo;auteur ne garantit pas l&rsquo;actualit\u00e9, l&rsquo;exactitude, l&rsquo;exhaustivit\u00e9 ou la qualit\u00e9 des informations fournies. Toute pr\u00e9tention en responsabilit\u00e9 se rapportant \u00e0 des dommages mat\u00e9riels ou immat\u00e9riels caus\u00e9s par l&rsquo;utilisation ou la non-utilisation des informations propos\u00e9es ou par l&rsquo;utilisation d&rsquo;informations erron\u00e9es ou incompl\u00e8tes est fondamentalement exclue. Toutes les offres sont sans engagement et non contractuelles. L&rsquo;auteur se r\u00e9serve express\u00e9ment le droit de modifier, de compl\u00e9ter ou de supprimer des parties de pages ou l&rsquo;ensemble de l&rsquo;offre sans avis pr\u00e9alable, ou d&rsquo;en suspendre temporairement ou d\u00e9finitivement la publication.   <\/p>\n\n<p><strong>2. renvois et liens<\/strong><br\/>L&rsquo;auteur n&rsquo;est pas responsable des contenus vers lesquels des liens ou des renvois sont \u00e9tablis \u00e0 partir de ses pages, \u00e0 moins qu&rsquo;il n&rsquo;ait pleinement connaissance de contenus ill\u00e9gaux et qu&rsquo;il soit en mesure d&#8217;emp\u00eacher les visiteurs de son site de consulter ces pages. Seul le fournisseur de la page \u00e0 laquelle il est fait r\u00e9f\u00e9rence est responsable des dommages r\u00e9sultant de l&rsquo;utilisation ou de la non-utilisation des informations ainsi pr\u00e9sent\u00e9es, et non celui qui ne fait que renvoyer \u00e0 la publication concern\u00e9e par le biais de liens. En outre, l&rsquo;auteur n&rsquo;est pas responsable des contributions ou des messages publi\u00e9s sur son site par les utilisateurs de forums de discussion, de livres d&rsquo;or ou de listes de diffusion.  <\/p>\n\n<p><strong>3. droit d&rsquo;auteur<\/strong><br\/>L&rsquo;auteur s&rsquo;efforce de ne pas utiliser de mat\u00e9riel prot\u00e9g\u00e9 par le droit d&rsquo;auteur pour la publication ou, si cela n&rsquo;est pas possible, de mentionner le droit d&rsquo;auteur de l&rsquo;objet concern\u00e9. Le copyright des objets publi\u00e9s et cr\u00e9\u00e9s par l&rsquo;auteur lui-m\u00eame reste sa propri\u00e9t\u00e9 exclusive. Toute reproduction ou utilisation de tels graphiques, sons ou textes dans d&rsquo;autres publications \u00e9lectroniques ou imprim\u00e9es est interdite sans l&rsquo;autorisation expresse de l&rsquo;auteur.  <\/p>\n\n<p><strong>4. protection des donn\u00e9es<\/strong><br\/>Dans la mesure o\u00f9 il est possible de saisir des donn\u00e9es personnelles ou professionnelles (adresses e-mail, noms, adresses) dans le cadre de l&rsquo;offre Internet, la divulgation de ces donn\u00e9es par l&rsquo;utilisateur se fait sur une base express\u00e9ment volontaire. L&rsquo;utilisation et le paiement de tous les services propos\u00e9s sont \u00e9galement autoris\u00e9s &#8211; dans la mesure o\u00f9 cela est techniquement possible et raisonnable &#8211; sans indication de donn\u00e9es personnelles ou en indiquant des donn\u00e9es anonymes ou un pseudonyme. L&rsquo;utilisation par des tiers des adresses postales, num\u00e9ros de t\u00e9l\u00e9phone et de fax ainsi que des adresses e-mail publi\u00e9s dans le cadre de la publication pour l&rsquo;envoi d&rsquo;informations non express\u00e9ment demand\u00e9es est interdite et fera l&rsquo;objet de poursuites judiciaires.  <\/p>\n\n<p><strong>5. validit\u00e9 juridique de cette exclusion de responsabilit\u00e9<\/strong><br\/>Cette exclusion de responsabilit\u00e9 doit \u00eatre consid\u00e9r\u00e9e comme faisant partie de l&rsquo;offre Internet \u00e0 partir de laquelle il a \u00e9t\u00e9 renvoy\u00e9 \u00e0 cette page. Si des parties ou certaines formulations de ce texte ne devaient pas, plus ou pas enti\u00e8rement correspondre \u00e0 la situation juridique en vigueur, les autres parties du document n&rsquo;en seraient pas affect\u00e9es dans leur contenu et leur validit\u00e9. <\/p>\n\n<p><\/p>\n","protected":false},"excerpt":{"rendered":"<p>KGK Suisse Patrik Sch\u00e4fer CEO \/ Daniel Rohrbach CGO \/ Michel Py IT +41 32 888 28 88 KGK Suisse SA, c\/o Marc D\u00f6rflinger Advokatur + Notariat, Jurastrasse 15, 2502 Biel\/Bienne info@kgksuisse.ch CHE-406.959.972 D\u00c9CLARATION DE RENONCIATION 1. contenuL&rsquo;auteur ne garantit pas l&rsquo;actualit\u00e9, l&rsquo;exactitude, l&rsquo;exhaustivit\u00e9 ou la qualit\u00e9 des informations fournies. Toute pr\u00e9tention en responsabilit\u00e9 se [&hellip;]<\/p>\n","protected":false},"author":2,"featured_media":0,"parent":0,"menu_order":0,"comment_status":"closed","ping_status":"closed","template":"","meta":{"_acf_changed":false,"footnotes":""},"class_list":["post-2816","page","type-page","status-publish","hentry"],"acf":[],"_links":{"self":[{"href":"https:\/\/kgksuisse.ch\/fr\/wp-json\/wp\/v2\/pages\/2816","targetHints":{"allow":["GET"]}}],"collection":[{"href":"https:\/\/kgksuisse.ch\/fr\/wp-json\/wp\/v2\/pages"}],"about":[{"href":"https:\/\/kgksuisse.ch\/fr\/wp-json\/wp\/v2\/types\/page"}],"author":[{"embeddable":true,"href":"https:\/\/kgksuisse.ch\/fr\/wp-json\/wp\/v2\/users\/2"}],"replies":[{"embeddable":true,"href":"https:\/\/kgksuisse.ch\/fr\/wp-json\/wp\/v2\/comments?post=2816"}],"version-history":[{"count":1,"href":"https:\/\/kgksuisse.ch\/fr\/wp-json\/wp\/v2\/pages\/2816\/revisions"}],"predecessor-version":[{"id":2818,"href":"https:\/\/kgksuisse.ch\/fr\/wp-json\/wp\/v2\/pages\/2816\/revisions\/2818"}],"wp:attachment":[{"href":"https:\/\/kgksuisse.ch\/fr\/wp-json\/wp\/v2\/media?parent=2816"}],"curies":[{"name":"wp","href":"https:\/\/api.w.org\/{rel}","templated":true}]}}