
{"id":2792,"date":"2024-10-28T11:01:34","date_gmt":"2024-10-28T11:01:34","guid":{"rendered":"https:\/\/kgksuisse.ch\/notre-service\/"},"modified":"2026-03-24T10:35:21","modified_gmt":"2026-03-24T10:35:21","slug":"notre-service","status":"publish","type":"page","link":"https:\/\/kgksuisse.ch\/fr\/notre-service\/","title":{"rendered":"Notre service"},"content":{"rendered":"\n<div class=\"wp-block-group is-vertical is-content-justification-center is-layout-flex wp-container-core-group-is-layout-181f8c23 wp-block-group-is-layout-flex\" style=\"min-height:0px;margin-top:var(--wp--preset--spacing--30);margin-bottom:-8rem;padding-top:0;padding-right:0;padding-bottom:0;padding-left:0\">\n<figure class=\"wp-block-image alignwide size-full fade-in-1000\"><img loading=\"lazy\" decoding=\"async\" width=\"1440\" height=\"1152\" src=\"https:\/\/kgksuisse.ch\/wp-content\/uploads\/2024\/11\/2ct_A_x1440-75.webp\" alt=\"\" class=\"wp-image-1066\" srcset=\"https:\/\/kgksuisse.ch\/wp-content\/uploads\/2024\/11\/2ct_A_x1440-75.webp 1440w, https:\/\/kgksuisse.ch\/wp-content\/uploads\/2024\/11\/2ct_A_x1440-75-300x240.webp 300w, https:\/\/kgksuisse.ch\/wp-content\/uploads\/2024\/11\/2ct_A_x1440-75-1024x819.webp 1024w, https:\/\/kgksuisse.ch\/wp-content\/uploads\/2024\/11\/2ct_A_x1440-75-768x614.webp 768w, https:\/\/kgksuisse.ch\/wp-content\/uploads\/2024\/11\/2ct_A_x1440-75-123x98.webp 123w, https:\/\/kgksuisse.ch\/wp-content\/uploads\/2024\/11\/2ct_A_x1440-75-600x480.webp 600w\" sizes=\"auto, (max-width: 1440px) 100vw, 1440px\" \/><\/figure>\n<\/div>\n\n<div class=\"wp-block-group alignfull has-global-padding is-layout-constrained wp-block-group-is-layout-constrained\">\n<div class=\"wp-block-columns alignwide fade-in-600 is-layout-flex wp-container-core-columns-is-layout-f5a44f5b wp-block-columns-is-layout-flex\">\n<div class=\"wp-block-column is-layout-flow wp-block-column-is-layout-flow\">\n<p class=\"has-normal-dynamic-font-size\" style=\"line-height:1.7\">Nos partenaires b\u00e9n\u00e9ficient de nos valeurs suisses, la fiabilit\u00e9 conduit \u00e0 la confiance et l&rsquo;estime mutuelle constitue la base d&rsquo;une collaboration \u00e0 long terme et d&rsquo;un succ\u00e8s commun. Notre \u00e9quipe de gemmologues exp\u00e9riment\u00e9s vous accompagne tout au long du processus, de la commande \u00e0 la livraison. Une attention personnelle est la meilleure qualit\u00e9 de service. Nous connaissons nos clients &amp; fournisseurs et eux nous connaissent.   <\/p>\n<\/div>\n\n\n\n<div class=\"wp-block-column is-layout-flow wp-block-column-is-layout-flow\">\n<p class=\"has-normal-dynamic-font-size\" style=\"line-height:1.7\">Notre \u00e9quipe de Bienne poss\u00e8de de vastes connaissances en gemmologie, acquises lors de formations dans les acad\u00e9mies les plus r\u00e9put\u00e9es au monde.<br\/>Chaque lot est contr\u00f4l\u00e9 chez nous \u00e0 Bienne en termes de poids, de taille, de couleur, de puret\u00e9 et de fluorescence. Chaque pierre est test\u00e9e chez nous quant \u00e0 sa naturalit\u00e9, nos appareils de haute technologie aident nos gemmologues dans cette t\u00e2che. <\/p>\n<\/div>\n<\/div>\n<\/div>\n\n<div class=\"wp-block-group alignfull has-global-padding is-layout-constrained wp-container-core-group-is-layout-1471a080 wp-block-group-is-layout-constrained\" style=\"margin-top:var(--wp--preset--spacing--60);margin-bottom:var(--wp--preset--spacing--60);padding-top:var(--wp--preset--spacing--60);padding-bottom:var(--wp--preset--spacing--60)\">\n<div class=\"wp-block-group fade-in-600 is-content-justification-center is-nowrap is-layout-flex wp-container-core-group-is-layout-b97f08f5 wp-block-group-is-layout-flex\" style=\"margin-top:var(--wp--preset--spacing--70);margin-bottom:var(--wp--preset--spacing--70);padding-top:var(--wp--preset--spacing--70);padding-bottom:var(--wp--preset--spacing--70)\">\n<h2 class=\"wp-block-heading has-text-align-center has-noto-sans-font-family has-larger-font-size\" style=\"font-style:normal;font-weight:700\">KGK Suisse Valeurs<\/h2>\n<\/div>\n\n\n\n<div class=\"wp-block-columns alignwide fade-in-400 is-layout-flex wp-container-core-columns-is-layout-28f84493 wp-block-columns-is-layout-flex\">\n<div class=\"wp-block-column is-vertically-aligned-stretch is-layout-flow wp-container-core-column-is-layout-9f77543f wp-block-column-is-layout-flow\">\n<div class=\"wp-block-group has-global-padding is-layout-constrained wp-block-group-is-layout-constrained\" style=\"margin-top:var(--wp--preset--spacing--50);margin-bottom:var(--wp--preset--spacing--50)\">\n<div id=\"acf-block-673778bd17a30\" class=\"image-mode-switcher image-mode-switcher-69f16eb0b8ff0\">\n            <img decoding=\"async\" class=\"light-mode-image\" src=\"https:\/\/kgksuisse.ch\/wp-content\/uploads\/2024\/11\/partnership_Black.svg\" alt=\"\">\n        <img decoding=\"async\" class=\"dark-mode-image\" src=\"https:\/\/kgksuisse.ch\/wp-content\/uploads\/2024\/11\/partnership_White.svg\" alt=\"\">\n    <\/div>\n\n\n<style>\n    .image-mode-switcher-69f16eb0b8ff0 {\n        position: relative;\n        display: flex;\n        justify-content: center;\n        align-items: center;\n        height: 100px;\n    }\n\n    .image-mode-switcher-69f16eb0b8ff0 img {\n        width: 100%;\n        height: 100%;\n        object-fit: contain;\n    }\n\n    \/* Light mode (default) *\/\n    .image-mode-switcher-69f16eb0b8ff0 .dark-mode-image {\n        display: none;\n    }\n\n    .image-mode-switcher-69f16eb0b8ff0 .light-mode-image {\n        display: block;\n    }\n\n    \/* Dark mode *\/\n    .dark-mode-on .image-mode-switcher-69f16eb0b8ff0 .light-mode-image {\n        display: none;\n    }\n\n    .dark-mode-on .image-mode-switcher-69f16eb0b8ff0 .dark-mode-image {\n        display: block;\n    }\n<\/style>\n<\/div>\n\n\n\n<h3 class=\"wp-block-heading has-text-align-center has-larger-font-size\" style=\"font-style:normal;font-weight:700\">Int\u00e9grit\u00e9<\/h3>\n<\/div>\n\n\n\n<div class=\"wp-block-column is-vertically-aligned-stretch is-layout-flow wp-container-core-column-is-layout-9f77543f wp-block-column-is-layout-flow\">\n<div class=\"wp-block-group has-global-padding is-layout-constrained wp-block-group-is-layout-constrained\" style=\"margin-top:var(--wp--preset--spacing--50);margin-bottom:var(--wp--preset--spacing--50)\">\n<div id=\"acf-block-673778bd17aa2\" class=\"image-mode-switcher image-mode-switcher-69f16eb0bb005\">\n            <img decoding=\"async\" class=\"light-mode-image\" src=\"https:\/\/kgksuisse.ch\/wp-content\/uploads\/2024\/11\/excellence_Black.svg\" alt=\"\">\n        <img decoding=\"async\" class=\"dark-mode-image\" src=\"https:\/\/kgksuisse.ch\/wp-content\/uploads\/2024\/11\/excellence_White.svg\" alt=\"\">\n    <\/div>\n\n\n<style>\n    .image-mode-switcher-69f16eb0bb005 {\n        position: relative;\n        display: flex;\n        justify-content: center;\n        align-items: center;\n        height: 100px;\n    }\n\n    .image-mode-switcher-69f16eb0bb005 img {\n        width: 100%;\n        height: 100%;\n        object-fit: contain;\n    }\n\n    \/* Light mode (default) *\/\n    .image-mode-switcher-69f16eb0bb005 .dark-mode-image {\n        display: none;\n    }\n\n    .image-mode-switcher-69f16eb0bb005 .light-mode-image {\n        display: block;\n    }\n\n    \/* Dark mode *\/\n    .dark-mode-on .image-mode-switcher-69f16eb0bb005 .light-mode-image {\n        display: none;\n    }\n\n    .dark-mode-on .image-mode-switcher-69f16eb0bb005 .dark-mode-image {\n        display: block;\n    }\n<\/style>\n<\/div>\n\n\n\n<h3 class=\"wp-block-heading has-text-align-center has-larger-font-size\" style=\"font-style:normal;font-weight:700\">Responsabilit\u00e9 sociale<\/h3>\n<\/div>\n\n\n\n<div class=\"wp-block-column is-vertically-aligned-stretch o-anim-value-delay-300ms is-layout-flow wp-container-core-column-is-layout-9f77543f wp-block-column-is-layout-flow\">\n<div class=\"wp-block-group has-global-padding is-layout-constrained wp-container-core-group-is-layout-db317931 wp-block-group-is-layout-constrained\" style=\"margin-top:var(--wp--preset--spacing--50);margin-bottom:var(--wp--preset--spacing--50)\">\n<div id=\"acf-block-673778bd17af8\" class=\"image-mode-switcher image-mode-switcher-69f16eb0bc3a6\">\n            <img decoding=\"async\" class=\"light-mode-image\" src=\"https:\/\/kgksuisse.ch\/wp-content\/uploads\/2024\/11\/commitment_Black.svg\" alt=\"\">\n        <img decoding=\"async\" class=\"dark-mode-image\" src=\"https:\/\/kgksuisse.ch\/wp-content\/uploads\/2024\/11\/commitment_White.svg\" alt=\"\">\n    <\/div>\n\n\n<style>\n    .image-mode-switcher-69f16eb0bc3a6 {\n        position: relative;\n        display: flex;\n        justify-content: center;\n        align-items: center;\n        height: 100px;\n    }\n\n    .image-mode-switcher-69f16eb0bc3a6 img {\n        width: 100%;\n        height: 100%;\n        object-fit: contain;\n    }\n\n    \/* Light mode (default) *\/\n    .image-mode-switcher-69f16eb0bc3a6 .dark-mode-image {\n        display: none;\n    }\n\n    .image-mode-switcher-69f16eb0bc3a6 .light-mode-image {\n        display: block;\n    }\n\n    \/* Dark mode *\/\n    .dark-mode-on .image-mode-switcher-69f16eb0bc3a6 .light-mode-image {\n        display: none;\n    }\n\n    .dark-mode-on .image-mode-switcher-69f16eb0bc3a6 .dark-mode-image {\n        display: block;\n    }\n<\/style>\n<\/div>\n\n\n\n<h3 class=\"wp-block-heading has-text-align-center has-larger-font-size\" style=\"font-style:normal;font-weight:700\">Perfection<\/h3>\n<\/div>\n<\/div>\n<\/div>\n\n<div style=\"height:130px\" aria-hidden=\"true\" class=\"wp-block-spacer\"><\/div>\n\n<div class=\"wp-block-group alignfull c4-background has-global-padding is-layout-constrained wp-block-group-is-layout-constrained\">\n<div class=\"wp-block-group alignwide has-global-padding is-layout-constrained wp-block-group-is-layout-constrained\">\n<div class=\"wp-block-group fade-in-400 is-content-justification-center is-nowrap is-layout-flex wp-container-core-group-is-layout-c0228d27 wp-block-group-is-layout-flex\" style=\"min-height:0px;margin-top:0;margin-bottom:var(--wp--preset--spacing--70)\">\n<h3 class=\"wp-block-heading has-text-align-left has-noto-sans-font-family has-larger-font-size\" style=\"font-style:normal;font-weight:700\">Les 4 C d&rsquo;un diamant<\/h3>\n<\/div>\n\n\n\n<div class=\"wp-block-group alignwide animated fadeIn fast has-global-padding is-layout-constrained wp-container-core-group-is-layout-54e9009c wp-block-group-is-layout-constrained\" style=\"min-height:420px;margin-top:0;margin-bottom:0;padding-top:var(--wp--preset--spacing--60);padding-bottom:var(--wp--preset--spacing--60)\"><video id=\"kgk-video-4c\" muted loop autoplay playsinline loading=\"lazy\" >\n            <source src=\"https:\/\/kgksuisse.ch\/wp-content\/uploads\/2025\/01\/4cs_.mp4\" type=\"video\/mp4\">\n                <source src=\"https:\/\/kgksuisse.ch\/wp-content\/uploads\/2025\/01\/4cs_.webm\" type=\"video\/webm\">\n    <\/video>\n\n<style>\n    .four-cs-wrapper {\n        position: relative;\n        overflow: hidden;\n    }\n\n    .four-cs-top,\n    .four-cs-bottom {\n        min-height: clamp(16dvw, 180px, 13dvw);\n    }\n\n    #kgk-video-4c {\n        position: absolute;\n        top: -7rem;\n        left: 0;\n        width: 100%;\n        height: 100%;\n        max-width: none;\n        z-index: -1;\n        -webkit-mask-image: radial-gradient(circle at center, black 50%, transparent 100%);\n        mask-image: radial-gradient(circle at center, black 50%, transparent 100%);\n    }\n\n    @media (max-width: 1024px) {\n\n        .four-cs-top,\n        .four-cs-bottom {\n            min-height: 15dvw;\n        }\n\n        #kgk-video-4c {\n            top: -9rem;\n        }\n    }\n\n    @media (max-width: 768px) {\n\n        .four-cs-top,\n        .four-cs-bottom {\n            min-height: 20dvw;\n        }\n\n        #kgk-video-4c {\n            top: -10rem;\n        }\n\n    }\n\n    @media (max-width: 599px) {\n\n        .four-cs-top,\n        .four-cs-bottom {\n            min-height: 20dvw;\n        }\n\n        #kgk-video-4c {\n            top: -2rem;\n            width: auto;\n            max-width: 150%;\n            transform: translate(-17.5%, 0%);\n        }\n    }\n\n    #fullscreen-video {\n        position: absolute;\n        top: 0;\n        left: 0;\n        height: 100dvh;\n        z-index: -1;\n        max-width: none;\n        min-width: 100dvw;\n        object-fit: cover;\n        object-position: right center;\n    }\n\n    @media (max-width: 768px) {\n        #fullscreen-video {\n            left: -100% !important;\n        }\n    }\n\n\n\n\n<\/style>\n\n\n<div style=\"height:20px\" aria-hidden=\"true\" class=\"wp-block-spacer\"><\/div>\n\n\n\n<div class=\"wp-block-group alignwide has-global-padding is-layout-constrained wp-block-group-is-layout-constrained\" style=\"min-height:177px\">\n<div class=\"wp-block-columns alignwide is-not-stacked-on-mobile is-layout-flex wp-container-core-columns-is-layout-28f84493 wp-block-columns-is-layout-flex\">\n<div class=\"wp-block-column animated fadeInLeft fast delay-100ms is-layout-flow wp-block-column-is-layout-flow\" style=\"flex-basis:30%\">\n<h2 class=\"wp-block-heading has-text-align-left underline point-right has-noto-sans-font-family has-normal-font-size\" style=\"font-style:normal;font-weight:600\">Carat<\/h2>\n<\/div>\n\n\n\n<div class=\"wp-block-column is-layout-flow wp-block-column-is-layout-flow\" style=\"flex-basis:40%\"><\/div>\n\n\n\n<div class=\"wp-block-column animated fadeInRight fast delay-200ms is-layout-flow wp-block-column-is-layout-flow\" style=\"flex-basis:30%\">\n<h2 class=\"wp-block-heading has-text-align-right underline point-left has-noto-sans-font-family has-normal-font-size\" style=\"font-style:normal;font-weight:600\">Cut<\/h2>\n<\/div>\n<\/div>\n<\/div>\n\n\n\n<div class=\"wp-block-group alignwide has-global-padding is-layout-constrained wp-block-group-is-layout-constrained\" style=\"min-height:177px\">\n<div class=\"wp-block-columns alignwide is-not-stacked-on-mobile is-layout-flex wp-container-core-columns-is-layout-28f84493 wp-block-columns-is-layout-flex\">\n<div class=\"wp-block-column is-layout-flow wp-block-column-is-layout-flow\" style=\"flex-basis:2%\"><\/div>\n\n\n\n<div class=\"wp-block-column animated fadeInLeft fast o-anim-custom-delay o-anim-value-delay-300ms is-layout-flow wp-block-column-is-layout-flow\" style=\"flex-basis:28%\">\n<h2 class=\"wp-block-heading has-text-align-left underline point-right has-noto-sans-font-family has-normal-font-size\" style=\"font-style:normal;font-weight:600\">Clart\u00e9<\/h2>\n<\/div>\n\n\n\n<div class=\"wp-block-column is-layout-flow wp-block-column-is-layout-flow\" style=\"flex-basis:40%\"><\/div>\n\n\n\n<div class=\"wp-block-column animated fadeInRight fast o-anim-custom-delay o-anim-value-delay-400ms is-layout-flow wp-block-column-is-layout-flow\" style=\"flex-basis:28%\">\n<h2 class=\"wp-block-heading has-text-align-right underline point-left has-noto-sans-font-family has-normal-font-size\" style=\"font-style:normal;font-weight:600\">Couleur<\/h2>\n<\/div>\n\n\n\n<div class=\"wp-block-column is-layout-flow wp-block-column-is-layout-flow\" style=\"flex-basis:2%\"><\/div>\n<\/div>\n<\/div>\n<\/div>\n<\/div>\n<\/div>\n\n<div class=\"wp-block-group alignwide has-global-padding is-content-justification-left is-layout-constrained wp-container-core-group-is-layout-70971a4f wp-block-group-is-layout-constrained\" style=\"margin-top:0;margin-bottom:0;padding-top:var(--wp--preset--spacing--70);padding-right:0;padding-bottom:0;padding-left:0\">\n<h3 class=\"wp-block-heading fade-in-400 has-noto-sans-font-family has-larger-font-size\" style=\"font-style:normal;font-weight:700\">Technologies<\/h3>\n\n\n\n<div class=\"wp-block-columns alignwide is-layout-flex wp-container-core-columns-is-layout-cf05694f wp-block-columns-is-layout-flex\">\n<div class=\"wp-block-column fade-in-600 is-layout-flow wp-block-column-is-layout-flow\" style=\"padding-top:3rem;padding-bottom:3rem\">\n<div class=\"wp-block-group is-content-justification-left is-nowrap is-layout-flex wp-container-core-group-is-layout-babbe691 wp-block-group-is-layout-flex\" style=\"min-height:200px\">\n<div id=\"acf-block-67374de5bf3b6\" class=\"image-mode-switcher animated fadeIn delay-200ms fast image-mode-switcher-69f16eb0bed0d\">\n            <img decoding=\"async\" class=\"light-mode-image\" src=\"https:\/\/kgksuisse.ch\/wp-content\/uploads\/2026\/03\/Logotype-Black.svg\" alt=\"\">\n        <img decoding=\"async\" class=\"dark-mode-image\" src=\"https:\/\/kgksuisse.ch\/wp-content\/uploads\/2026\/03\/Logotype-White.svg\" alt=\"\">\n    <\/div>\n\n\n<style>\n    .image-mode-switcher-69f16eb0bed0d {\n        position: relative;\n        display: flex;\n        justify-content: center;\n        align-items: center;\n        height: 95px;\n    }\n\n    .image-mode-switcher-69f16eb0bed0d img {\n        width: 100%;\n        height: 100%;\n        object-fit: contain;\n    }\n\n    \/* Light mode (default) *\/\n    .image-mode-switcher-69f16eb0bed0d .dark-mode-image {\n        display: none;\n    }\n\n    .image-mode-switcher-69f16eb0bed0d .light-mode-image {\n        display: block;\n    }\n\n    \/* Dark mode *\/\n    .dark-mode-on .image-mode-switcher-69f16eb0bed0d .light-mode-image {\n        display: none;\n    }\n\n    .dark-mode-on .image-mode-switcher-69f16eb0bed0d .dark-mode-image {\n        display: block;\n    }\n<\/style>\n<\/div>\n\n\n\n<p class=\"animated fadeIn delay-200ms fast has-normal-dynamic-font-size\" style=\"line-height:1.7\">Tracr est la premi\u00e8re plate-forme num\u00e9rique mondiale pour le suivi des diamants naturels depuis leur pays d&rsquo;origine. Elle vous permet d&rsquo;explorer l&rsquo;origine et le voyage unique de votre diamant tout au long de son parcours, de la pierre brute \u00e0 la taille. Gr\u00e2ce \u00e0 l&rsquo;utilisation de l&rsquo;intelligence artificielle et de la technologie blockchain, Tracr permet d&rsquo;enregistrer le parcours d&rsquo;un diamant et offre aux consommateurs une plus grande confiance dans son origine et dans l&rsquo;impact positif qu&rsquo;il a eu dans le pays o\u00f9 il a \u00e9t\u00e9 d\u00e9couvert.  <\/p>\n\n\n\n<div class=\"wp-block-buttons animated fadeIn o-anim-custom-delay undefined o-anim-value-delay-300ms fast is-layout-flex wp-block-buttons-is-layout-flex\" style=\"margin-top:var(--wp--preset--spacing--60)\">\n<div class=\"wp-block-button glow-outline\"><a class=\"wp-block-button__link wp-element-button\" href=\"https:\/\/kgksuisse.ch\/fr\/notre-service\/technologie-tracr\/\">Lire la suite<\/a><\/div>\n<\/div>\n<\/div>\n\n\n\n<div class=\"wp-block-column fade-in-600 is-layout-flow wp-block-column-is-layout-flow\" style=\"padding-top:3rem;padding-bottom:3rem\">\n<div class=\"wp-block-group is-nowrap is-layout-flex wp-container-core-group-is-layout-6c531013 wp-block-group-is-layout-flex\" style=\"min-height:200px\">\n<div id=\"acf-block-67374de5bf50b\" class=\"image-mode-switcher animated fadeIn delay-500ms fast image-mode-switcher-69f16eb0c0308\">\n            <img decoding=\"async\" class=\"light-mode-image\" src=\"https:\/\/kgksuisse.ch\/wp-content\/uploads\/2024\/11\/provenance_proof_Black.svg\" alt=\"\">\n        <img decoding=\"async\" class=\"dark-mode-image\" src=\"https:\/\/kgksuisse.ch\/wp-content\/uploads\/2024\/11\/provenance_proof_White.svg\" alt=\"\">\n    <\/div>\n\n\n<style>\n    .image-mode-switcher-69f16eb0c0308 {\n        position: relative;\n        display: flex;\n        justify-content: center;\n        align-items: center;\n        height: 120px;\n    }\n\n    .image-mode-switcher-69f16eb0c0308 img {\n        width: 100%;\n        height: 100%;\n        object-fit: contain;\n    }\n\n    \/* Light mode (default) *\/\n    .image-mode-switcher-69f16eb0c0308 .dark-mode-image {\n        display: none;\n    }\n\n    .image-mode-switcher-69f16eb0c0308 .light-mode-image {\n        display: block;\n    }\n\n    \/* Dark mode *\/\n    .dark-mode-on .image-mode-switcher-69f16eb0c0308 .light-mode-image {\n        display: none;\n    }\n\n    .dark-mode-on .image-mode-switcher-69f16eb0c0308 .dark-mode-image {\n        display: block;\n    }\n<\/style>\n<\/div>\n\n\n\n<p class=\"animated fadeIn o-anim-custom-delay fast o-anim-value-delay-600ms has-normal-dynamic-font-size\" style=\"line-height:1.7\">Provenance Proof s\u2019est donn\u00e9 pour mission de renforcer la transparence et la confiance dans l\u2019industrie mondiale des pierres pr\u00e9cieuses et de la joaillerie gr\u00e2ce \u00e0 des technologies innovantes. En int\u00e9grant ses marqueurs ADN avanc\u00e9s et la technologie s\u00e9curis\u00e9e de la blockhain dans notre site Diamants de M\u00eal\u00e9e, nous offrons une tra\u00e7abilit\u00e9 sans pr\u00e9c\u00e9dent et d\u00e9montrable tout au long de la cha\u00eene d\u2019approvisionnement, de la pierre brute au diamant fini. Chaque diamant Mel\u00e9e que vous achetez chez nous peut \u00eatre physiquement trac\u00e9 de sa source d\u2019origine \u00e0 KGK Suisse.  <\/p>\n\n\n\n<div class=\"wp-block-buttons animated fadeIn o-anim-custom-delay fast o-anim-value-delay-700ms is-layout-flex wp-block-buttons-is-layout-flex\" style=\"margin-top:var(--wp--preset--spacing--60)\">\n<div class=\"wp-block-button glow-outline\"><a class=\"wp-block-button__link wp-element-button\">\u00e0 venir<\/a><\/div>\n<\/div>\n<\/div>\n<\/div>\n<\/div>\n\n<div style=\"height:160px\" aria-hidden=\"true\" class=\"wp-block-spacer\"><\/div>\n\n<div class=\"wp-block-group alignfull service-diamond-bg-1 is-layout-flow wp-block-group-is-layout-flow has-background\" id=\"bg-bottom\" style=\"min-height:850px;background-image:url(&apos;https:\/\/kgksuisse.ch\/wp-content\/uploads\/2024\/11\/Gruppe2_focus_x2560_cut.png-scaled.webp&apos;);background-position:99% 100%;background-size:cover;\">\n<div class=\"wp-block-group alignwide has-global-padding is-layout-constrained wp-block-group-is-layout-constrained\">\n<div class=\"wp-block-columns alignwide is-layout-flex wp-container-core-columns-is-layout-28f84493 wp-block-columns-is-layout-flex\">\n<div class=\"wp-block-column fade-in-200 is-layout-flow wp-block-column-is-layout-flow\">\n<div class=\"wp-block-group is-layout-flow wp-block-group-is-layout-flow\" style=\"margin-bottom:var(--wp--preset--spacing--70)\">\n<h2 class=\"wp-block-heading has-noto-sans-font-family has-larger-font-size\" style=\"font-style:normal;font-weight:700\">Notre laboratoire dispose de<\/h2>\n<\/div>\n\n\n\n<h5 class=\"wp-block-heading animated fadeIn o-anim-custom-delay o-anim-value-delay-300ms fast has-noto-sans-font-family\">AMS Micro<\/h5>\n\n\n\n<p class=\"animated fadeIn o-anim-custom-delay undefined o-anim-value-delay-400ms fast has-normal-dynamic-font-size\" style=\"line-height:1.7\">L&rsquo;AMS Micro est un appareil de v\u00e9rification des diamants de pointe de De Beers, sp\u00e9cialement con\u00e7u pour v\u00e9rifier rapidement et pr\u00e9cis\u00e9ment le caract\u00e8re naturel des minuscules diamants de m\u00eal\u00e9e. Avec une capacit\u00e9 de contr\u00f4le pouvant atteindre 2 500 diamants par heure, il distingue les diamants naturels des diamants synth\u00e9tiques en analysant leurs structures de croissance L&rsquo;appareil a \u00e9t\u00e9 livr\u00e9 pour la premi\u00e8re fois par De Beers \u00e0 la succursale suisse de KGK en f\u00e9vrier 2024.<\/p>\n\n\n\n<h5 class=\"wp-block-heading animated fadeIn o-anim-custom-delay undefined o-anim-value-delay-400ms fast\">AMS 2<\/h5>\n\n\n\n<p class=\"animated fadeIn o-anim-custom-delay undefined o-anim-value-delay-400ms fast has-normal-dynamic-font-size\" style=\"line-height:1.7\">(Automated Melee Sorting 2) est un appareil de v\u00e9rification automatis\u00e9e des diamants de De Beers, sp\u00e9cialement con\u00e7u pour v\u00e9rifier rapidement et pr\u00e9cis\u00e9ment le caract\u00e8re naturel des diamants de m\u00eal\u00e9e.<br\/><\/p>\n<\/div>\n\n\n\n<div class=\"wp-block-column is-layout-flow wp-block-column-is-layout-flow\"><\/div>\n<\/div>\n<\/div>\n<\/div>\n\n<div class=\"wp-block-group alignfull service-diamond-bg-2 animated fadeIn fast wp-container-content-9cfa9a5a is-layout-flow wp-block-group-is-layout-flow has-background\" id=\"bg-bottom\" style=\"min-height:700px;background-image:url(&apos;https:\/\/kgksuisse.ch\/wp-content\/uploads\/2024\/11\/Gruppe1_x2560_cut.png-scaled.webp&apos;);background-position:0% 50%;background-repeat:no-repeat;background-size:contain;\">\n<div class=\"wp-block-group alignfull has-global-padding is-layout-constrained wp-block-group-is-layout-constrained\">\n<div class=\"wp-block-columns alignwide is-layout-flex wp-container-core-columns-is-layout-28f84493 wp-block-columns-is-layout-flex\">\n<div class=\"wp-block-column is-layout-flow wp-block-column-is-layout-flow\">\n<div style=\"height:485px\" aria-hidden=\"true\" class=\"wp-block-spacer\"><\/div>\n<\/div>\n\n\n\n<div class=\"wp-block-column fade-in-200 is-layout-flow wp-block-column-is-layout-flow\">\n<h5 class=\"wp-block-heading\">Synth Detect<\/h5>\n\n\n\n<p class=\"undefined o-anim-value-delay-300ms has-normal-dynamic-font-size\" style=\"line-height:1.7\">Le Synth Detect est un outil de v\u00e9rification de De Beers sp\u00e9cialement con\u00e7u pour v\u00e9rifier le caract\u00e8re naturel des diamants de m\u00eal\u00e9e.<\/p>\n\n\n\n<h5 class=\"wp-block-heading\">D-Tect V2<\/h5>\n\n\n\n<p class=\"has-normal-dynamic-font-size\" style=\"line-height:1.7\">Le D-Tect V2<strong> <\/strong>du GemTechLab \u00e0 Gen\u00e8ve est un appareil de test innovant permettant de distinguer les diamants naturels des diamants synth\u00e9tiques. L&rsquo;appareil utilise des techniques d&rsquo;analyse spectrale avanc\u00e9es pour identifier de mani\u00e8re fiable les diamants synth\u00e9tiques. <\/p>\n<\/div>\n<\/div>\n<\/div>\n\n\n\n<p><\/p>\n<\/div>\n","protected":false},"excerpt":{"rendered":"<p>Nos partenaires b\u00e9n\u00e9ficient de nos valeurs suisses, la fiabilit\u00e9 conduit \u00e0 la confiance et l&rsquo;estime mutuelle constitue la base d&rsquo;une collaboration \u00e0 long terme et d&rsquo;un succ\u00e8s commun. Notre \u00e9quipe de gemmologues exp\u00e9riment\u00e9s vous accompagne tout au long du processus, de la commande \u00e0 la livraison. Une attention personnelle est la meilleure qualit\u00e9 de service. [&hellip;]<\/p>\n","protected":false},"author":3,"featured_media":0,"parent":0,"menu_order":0,"comment_status":"closed","ping_status":"closed","template":"","meta":{"_acf_changed":false,"footnotes":""},"class_list":["post-2792","page","type-page","status-publish","hentry"],"acf":[],"_links":{"self":[{"href":"https:\/\/kgksuisse.ch\/fr\/wp-json\/wp\/v2\/pages\/2792","targetHints":{"allow":["GET"]}}],"collection":[{"href":"https:\/\/kgksuisse.ch\/fr\/wp-json\/wp\/v2\/pages"}],"about":[{"href":"https:\/\/kgksuisse.ch\/fr\/wp-json\/wp\/v2\/types\/page"}],"author":[{"embeddable":true,"href":"https:\/\/kgksuisse.ch\/fr\/wp-json\/wp\/v2\/users\/3"}],"replies":[{"embeddable":true,"href":"https:\/\/kgksuisse.ch\/fr\/wp-json\/wp\/v2\/comments?post=2792"}],"version-history":[{"count":11,"href":"https:\/\/kgksuisse.ch\/fr\/wp-json\/wp\/v2\/pages\/2792\/revisions"}],"predecessor-version":[{"id":339497,"href":"https:\/\/kgksuisse.ch\/fr\/wp-json\/wp\/v2\/pages\/2792\/revisions\/339497"}],"wp:attachment":[{"href":"https:\/\/kgksuisse.ch\/fr\/wp-json\/wp\/v2\/media?parent=2792"}],"curies":[{"name":"wp","href":"https:\/\/api.w.org\/{rel}","templated":true}]}}