
{"id":2722,"date":"2024-10-28T10:36:41","date_gmt":"2024-10-28T10:36:41","guid":{"rendered":"https:\/\/kgksuisse.ch\/notre-entreprise\/"},"modified":"2026-03-24T09:41:19","modified_gmt":"2026-03-24T09:41:19","slug":"notre-entreprise","status":"publish","type":"page","link":"https:\/\/kgksuisse.ch\/fr\/notre-entreprise\/","title":{"rendered":"Notre entreprise"},"content":{"rendered":"\n<div class=\"wp-block-group is-vertical is-content-justification-center is-layout-flex wp-container-core-group-is-layout-5e763914 wp-block-group-is-layout-flex\" style=\"min-height:220px\">\n<p class=\"has-text-align-center animated fadeIn fast has-normal-font-size\">La soci\u00e9t\u00e9 anonyme KGK Suisse SA a \u00e9t\u00e9 fond\u00e9e en janvier 2020 \u00e0 Bienne. Elle est une filiale du groupe KGK, dirig\u00e9 par la quatri\u00e8me g\u00e9n\u00e9ration et bas\u00e9 \u00e0 Hong Kong. KGK Suisse est \u00e9galement issue d\u2019une entreprise de taille de diamants suisse g\u00e9r\u00e9e par la quatri\u00e8me g\u00e9n\u00e9ration.   <\/p>\n<\/div>\n\n<div class=\"wp-block-group alignfull fade-in-600 has-global-padding is-layout-constrained wp-container-core-group-is-layout-da604d14 wp-block-group-is-layout-constrained has-background\" id=\"company-diamond-bg\" style=\"min-height:660px;padding-top:0;padding-right:0;padding-bottom:0;padding-left:0;background-image:url(&apos;https:\/\/kgksuisse.ch\/wp-content\/uploads\/2024\/11\/Gruppe3_focus_75_edit-scaled.webp&apos;);background-position:100% 50%;background-size:cover;\">\n<div class=\"wp-block-columns alignwide are-vertically-aligned-top is-layout-flex wp-container-core-columns-is-layout-3e1b188b wp-block-columns-is-layout-flex\" style=\"margin-top:0;margin-bottom:0;padding-top:0;padding-right:var(--wp--preset--spacing--50);padding-bottom:0;padding-left:var(--wp--preset--spacing--50)\">\n<div class=\"wp-block-column is-vertically-aligned-top need-gradient-bg is-layout-flow wp-container-core-column-is-layout-1b615771 wp-block-column-is-layout-flow\" style=\"padding-top:0;padding-right:0;padding-bottom:0;padding-left:0;flex-basis:40%\">\n<div class=\"wp-block-group is-content-justification-space-between is-nowrap is-layout-flex wp-container-core-group-is-layout-b2d06771 wp-block-group-is-layout-flex\" style=\"min-height:0px;margin-top:0;margin-bottom:0;padding-top:0;padding-right:0;padding-bottom:var(--wp--preset--spacing--40);padding-left:0\">\n<p class=\"animated fadeIn fast delay-100ms has-larger-font-size\" style=\"font-style:normal;font-weight:700\">KGK Suisse<\/p>\n<\/div>\n\n\n\n<p class=\"animated fadeIn delay-200ms fast has-normal-dynamic-font-size\" style=\"line-height:1.7\">En tant que l&rsquo;un des principaux fournisseurs de diamants et de pierres pr\u00e9cieuses en Suisse, nous comptons parmi notre client\u00e8le certaines des marques les plus connues et les plus prestigieuses au monde dans le secteur de l&rsquo;horlogerie et de la bijouterie, ainsi que des entreprises traditionnelles qui transforment nos produits de haute qualit\u00e9 en bijoux uniques et artistiques. Nous nous engageons fermement en faveur de la justice sociale et de conditions de travail \u00e9quitables, en veillant \u00e0 ce que la s\u00e9curit\u00e9 et le bien-\u00eatre de tous les travailleurs soient garantis tout au long de la cha\u00eene d&rsquo;approvisionnement. Notre engagement en faveur du d\u00e9veloppement durable et de l&rsquo;\u00e9thique se refl\u00e8te \u00e0 chaque \u00e9tape de notre activit\u00e9. Cela renforce la confiance de nos clients et partenaires dans notre entreprise.     <\/p>\n<\/div>\n\n\n\n<div class=\"wp-block-column is-vertically-aligned-top is-layout-flow wp-block-column-is-layout-flow\" style=\"flex-basis:50%\">\n<div class=\"wp-block-group has-global-padding is-layout-constrained wp-block-group-is-layout-constrained\" style=\"min-height:600px\">\n<p><\/p>\n<\/div>\n<\/div>\n<\/div>\n<\/div>\n\n<div class=\"wp-block-group alignwide is-layout-flow wp-block-group-is-layout-flow\" style=\"margin-bottom:15rem\">\n<div class=\"wp-block-group alignwide is-layout-flow wp-block-group-is-layout-flow\" style=\"min-height:650px\">\n<div class=\"wp-block-columns alignwide is-layout-flex wp-container-core-columns-is-layout-a5331a9e wp-block-columns-is-layout-flex\" style=\"padding-top:0;padding-right:0;padding-bottom:0;padding-left:0\">\n<div class=\"wp-block-column is-vertically-aligned-center is-layout-flow wp-block-column-is-layout-flow\">\n<div id=\"acf-block-6737429e63498\" class=\"image-mode-switcher fade-in-up-200 image-mode-switcher-69f16eb775927\">\n            <img decoding=\"async\" class=\"light-mode-image\" src=\"https:\/\/kgksuisse.ch\/wp-content\/uploads\/2026\/03\/logo_Black_vert_26.png\" alt=\"\">\n        <img decoding=\"async\" class=\"dark-mode-image\" src=\"https:\/\/kgksuisse.ch\/wp-content\/uploads\/2026\/03\/logo_White_vert_26.png\" alt=\"\">\n    <\/div>\n\n\n<style>\n    .image-mode-switcher-69f16eb775927 {\n        position: relative;\n        display: flex;\n        justify-content: center;\n        align-items: center;\n        height: 300px;\n    }\n\n    .image-mode-switcher-69f16eb775927 img {\n        width: 100%;\n        height: 100%;\n        object-fit: contain;\n    }\n\n    \/* Light mode (default) *\/\n    .image-mode-switcher-69f16eb775927 .dark-mode-image {\n        display: none;\n    }\n\n    .image-mode-switcher-69f16eb775927 .light-mode-image {\n        display: block;\n    }\n\n    \/* Dark mode *\/\n    .dark-mode-on .image-mode-switcher-69f16eb775927 .light-mode-image {\n        display: none;\n    }\n\n    .dark-mode-on .image-mode-switcher-69f16eb775927 .dark-mode-image {\n        display: block;\n    }\n<\/style>\n<\/div>\n\n\n\n<div class=\"wp-block-column is-vertically-aligned-center fade-in-600 is-layout-flow wp-container-core-column-is-layout-29ff2444 wp-block-column-is-layout-flow\" style=\"padding-right:0;padding-left:0;flex-basis:40%\">\n<div class=\"wp-block-group is-nowrap is-layout-flex wp-container-core-group-is-layout-5885b5d9 wp-block-group-is-layout-flex\" style=\"min-height:0px;margin-top:0;margin-bottom:0;padding-top:0;padding-bottom:0\">\n<p class=\"animated fadeIn delay-100ms fast has-larger-font-size\" style=\"font-style:normal;font-weight:700\">Groupe KGK<\/p>\n<\/div>\n\n\n\n<p class=\"animated fadeIn delay-200ms fast has-normal-dynamic-font-size\" style=\"line-height:1.7\">KGK porte le nom de ses fondateurs, Shri Keshrimalji Kothari et Shri Ghisilalji Kothari, p\u00e8re et fils. La marque KGK symbolise l&rsquo;approche fond\u00e9e sur des principes et la passion qu&rsquo;ils ont \u00e9tablie et qui continue \u00e0 nous faire avancer ensemble comme une famille. En tant qu&rsquo;entreprise, nous promettons d&rsquo;enrichir, de r\u00e9jouir et d&rsquo;\u00e9clairer les gens avec notre monde de diamants et de pierres pr\u00e9cieuses. Nous tenons notre promesse gr\u00e2ce \u00e0 la valeur que nous apportons par notre approche verticale, notre volont\u00e9 d&rsquo;innover, notre port\u00e9e mondiale et notre passion pour la cr\u00e9ation de l&rsquo;excellence.     <\/p>\n<\/div>\n<\/div>\n<\/div>\n<\/div>\n\n<div class=\"wp-block-group alignwide has-global-padding is-layout-constrained wp-container-core-group-is-layout-b63e954f wp-block-group-is-layout-constrained\" style=\"min-height:0px;margin-bottom:22rem;padding-top:0;padding-right:0;padding-bottom:0;padding-left:0\">\n<div class=\"wp-block-group play-movie-wrapper is-vertical is-content-justification-center is-layout-flex wp-container-core-group-is-layout-3a71fe21 wp-block-group-is-layout-flex\" style=\"min-height:0px;margin-top:0;margin-bottom:0;padding-top:0;padding-right:0;padding-bottom:0;padding-left:0\">\n<p class=\"has-text-align-center fade-in-600 has-larger-font-size\" style=\"font-style:normal;font-weight:700\">Le Groupe KGK en chiffres<\/p>\n\n\n\n\n<div class=\"separator separator-horizontal separator-width-s\">\n    <div class=\"line\"><\/div>\n<\/div><\/div>\n\n\n\n<div class=\"wp-block-columns alignfull fade-in-600 kgk-zahlen is-layout-flex wp-container-core-columns-is-layout-28f84493 wp-block-columns-is-layout-flex\">\n<div class=\"wp-block-column is-vertically-aligned-stretch blue-mark is-layout-flow wp-container-core-column-is-layout-8a368f38 wp-block-column-is-layout-flow\">\n<div class=\"wp-block-group is-content-justification-center is-nowrap is-layout-flex wp-container-core-group-is-layout-fc7b1486 wp-block-group-is-layout-flex\" style=\"margin-top:0;margin-bottom:0;padding-top:0;padding-right:0;padding-bottom:0;padding-left:0\">\n<p class=\"has-text-align-center count-in-2000 has-gigantic-font-size\" style=\"font-style:normal;font-weight:700\">15,000<\/p>\n\n\n\n<p class=\"has-text-align-center has-gigantic-font-size\" style=\"font-style:normal;font-weight:700\">+<\/p>\n<\/div>\n\n\n\n<p class=\"has-text-align-center has-large-dynamic-font-size\" style=\"font-style:normal;font-weight:300\">Employ\u00e9s<\/p>\n<\/div>\n\n\n\n<div class=\"wp-block-column is-vertically-aligned-center blue-mark is-layout-flow wp-container-core-column-is-layout-8a368f38 wp-block-column-is-layout-flow\">\n<p class=\"has-text-align-center count-in-2000 has-gigantic-font-size\" style=\"font-style:normal;font-weight:700\">15<\/p>\n\n\n\n<p class=\"has-text-align-center has-large-dynamic-font-size\" style=\"font-style:normal;font-weight:300\">Productions<\/p>\n<\/div>\n\n\n\n<div class=\"wp-block-column is-vertically-aligned-center blue-mark is-layout-flow wp-container-core-column-is-layout-8a368f38 wp-block-column-is-layout-flow\">\n<div class=\"wp-block-group is-content-justification-center is-nowrap is-layout-flex wp-container-core-group-is-layout-fc7b1486 wp-block-group-is-layout-flex\" style=\"margin-top:0;margin-bottom:0;padding-top:0;padding-right:0;padding-bottom:0;padding-left:0\">\n<p class=\"has-text-align-center count-in-2000 has-gigantic-font-size\" style=\"font-style:normal;font-weight:700\">10,000<\/p>\n\n\n\n<p class=\"has-text-align-center has-gigantic-font-size\" style=\"font-style:normal;font-weight:700\">+<\/p>\n<\/div>\n\n\n\n<p class=\"has-text-align-center has-large-dynamic-font-size\" style=\"font-style:normal;font-weight:300\">Clients B2B<\/p>\n<\/div>\n\n\n\n<div class=\"wp-block-column is-vertically-aligned-center blue-mark is-layout-flow wp-container-core-column-is-layout-8a368f38 wp-block-column-is-layout-flow\">\n<p class=\"has-text-align-center count-in-2000 has-gigantic-font-size\" style=\"font-style:normal;font-weight:700\">18<\/p>\n\n\n\n<p class=\"has-text-align-center has-large-dynamic-font-size\" style=\"font-style:normal;font-weight:300\">Pays<\/p>\n<\/div>\n<\/div>\n<\/div>\n\n<div class=\"wp-block-group alignwide play-movie-wrapper is-layout-flow wp-block-group-is-layout-flow\" id=\"video\" style=\"margin-bottom:22rem\">\n<div class=\"wp-block-group play-movie-wrapper is-vertical is-content-justification-center is-layout-flex wp-container-core-group-is-layout-4aac1224 wp-block-group-is-layout-flex\" style=\"min-height:0px\">\n<p class=\"animated fadeIn fast has-noto-sans-font-family has-larger-font-size\" style=\"font-style:normal;font-weight:700\">KGK &#8211; Le film<\/p>\n\n\n\n\n<div class=\"separator separator-horizontal separator-width-s\">\n    <div class=\"line\"><\/div>\n<\/div><\/div>\n\n\n\n<div class=\"wp-block-group fade-in-600 is-layout-flow wp-block-group-is-layout-flow\" style=\"margin-top:var(--wp--preset--spacing--40)\"><div class=\"video-block\" id=\"acf-block-69c123a5c4b13\" style=\"position:relative;\">\n    <video src=\"https:\/\/kgksuisse.ch\/wp-content\/uploads\/2024\/11\/kgk_movie_cut_b.webm\" poster=\"https:\/\/kgksuisse.ch\/wp-content\/uploads\/2026\/03\/movie_cover-26.jpeg\" class=\"video-block-content\" id=\"kgk-video\"><\/video>\n    <div class=\"video-block-overlay\">\n        <div class=\"play-btn\">\n            <div class=\"wp-block-button glow-underline\"><a class=\"wp-block-button__link wp-element-button video-play-btn\">\n                    <svg xmlns=\"http:\/\/www.w3.org\/2000\/svg\" width=\"20\" height=\"20\" viewBox=\"0 0 24 24\" fill=\"none\" stroke=\"currentColor\" stroke-width=\"2\" stroke-linecap=\"round\" stroke-linejoin=\"round\" class=\"lucide lucide-play\">\n                        <polygon points=\"6 3 20 12 6 21 6 3\" \/>\n                    <\/svg>\n                    Lire la vid\u00e9o                <\/a>\n            <\/div>\n        <\/div>\n    <\/div>\n    <style>\n        .play-btn {\n            background-color: var(--bg-color);\n            border-radius: 99px;\n            padding: .8rem;\n            box-shadow: 0 0 20px 0 rgba(0, 0, 0, 0.5);\n        }\n\n        .video-play-btn {\n            display: flex;\n            align-items: center;\n            gap: .5rem;\n        }\n\n        .video-block-overlay {\n            position: absolute;\n            top: 0;\n            width: 100%;\n            display: flex;\n            justify-content: center;\n            height: 100%;\n            align-items: center;\n        }\n\n        .video-block-content {\n            max-width: 1440px;\n            width: 100%;\n        }\n\n    <\/style>\n    <script>\n        document.addEventListener('DOMContentLoaded', function() {\n            const playBtn = document.querySelector('.video-play-btn');\n            \/\/check if url param autoplay is true\n            const autoplay = parseInt(new URLSearchParams(window.location.search).get('autoplay')) || 0;\n\n\n\n            function startVideo() {\n\n\n                \/\/ const video = playBtn.closest('.video-block').querySelector('video');\n                const video = document.getElementById('kgk-video');\n                const overlay = playBtn.closest('.video-block').querySelector('.video-block-overlay');\n\n                overlay.style.display = 'none';\n                \/\/enable video controls\n                \/\/ var promise = video.play();\n\n                video.setAttribute('controls', 'true');\n                video.play();\n                \/\/ video.controls = true;\n            }\n\n            playBtn.addEventListener('click', function() {\n                startVideo();\n            });\n\n            if (autoplay === 1) {\n                startVideo();\n            }\n        });\n    <\/script>\n<\/div><\/div>\n<\/div>\n\n<div class=\"wp-block-group alignfull fade-in-600 has-global-padding is-layout-constrained wp-block-group-is-layout-constrained\" style=\"margin-bottom:15rem\">\n<div class=\"wp-block-group is-vertical is-content-justification-center is-layout-flex wp-container-core-group-is-layout-f12af98e wp-block-group-is-layout-flex\" style=\"min-height:0px;margin-bottom:var(--wp--preset--spacing--60);padding-right:var(--wp--preset--spacing--80);padding-left:var(--wp--preset--spacing--80)\">\n<p class=\"has-text-align-center animated fadeIn fast has-larger-font-size\" style=\"font-style:normal;font-weight:700\">Empreinte globale<\/p>\n\n\n\n\n<div class=\"separator separator-horizontal separator-width-s\">\n    <div class=\"line\"><\/div>\n<\/div>\n\n\n<p class=\"has-text-align-center animated fadeIn fast delay-200ms has-normal-dynamic-font-size\" style=\"line-height:1.7\">Le groupe KGK est pr\u00e9sent dans 18 pays sur 5 continents.  <\/p>\n<\/div>\n\n\n\n<div class=\"wp-block-group alignfull is-content-justification-center is-nowrap is-layout-flex wp-container-core-group-is-layout-016d5933 wp-block-group-is-layout-flex\" style=\"min-height:0px;margin-bottom:var(--wp--preset--spacing--80)\">\n<div id=\"kgk-map\" style=\"height: 45dvw; width: 100dvw;\"><\/div>\n<\/div>\n<\/div>\n","protected":false},"excerpt":{"rendered":"<p>La soci\u00e9t\u00e9 anonyme KGK Suisse SA a \u00e9t\u00e9 fond\u00e9e en janvier 2020 \u00e0 Bienne. Elle est une filiale du groupe KGK, dirig\u00e9 par la quatri\u00e8me g\u00e9n\u00e9ration et bas\u00e9 \u00e0 Hong Kong. KGK Suisse est \u00e9galement issue d\u2019une entreprise de taille de diamants suisse g\u00e9r\u00e9e par la quatri\u00e8me g\u00e9n\u00e9ration. KGK Suisse En tant que l&rsquo;un des [&hellip;]<\/p>\n","protected":false},"author":3,"featured_media":0,"parent":0,"menu_order":0,"comment_status":"closed","ping_status":"closed","template":"","meta":{"_acf_changed":false,"footnotes":""},"class_list":["post-2722","page","type-page","status-publish","hentry"],"acf":[],"_links":{"self":[{"href":"https:\/\/kgksuisse.ch\/fr\/wp-json\/wp\/v2\/pages\/2722","targetHints":{"allow":["GET"]}}],"collection":[{"href":"https:\/\/kgksuisse.ch\/fr\/wp-json\/wp\/v2\/pages"}],"about":[{"href":"https:\/\/kgksuisse.ch\/fr\/wp-json\/wp\/v2\/types\/page"}],"author":[{"embeddable":true,"href":"https:\/\/kgksuisse.ch\/fr\/wp-json\/wp\/v2\/users\/3"}],"replies":[{"embeddable":true,"href":"https:\/\/kgksuisse.ch\/fr\/wp-json\/wp\/v2\/comments?post=2722"}],"version-history":[{"count":5,"href":"https:\/\/kgksuisse.ch\/fr\/wp-json\/wp\/v2\/pages\/2722\/revisions"}],"predecessor-version":[{"id":339477,"href":"https:\/\/kgksuisse.ch\/fr\/wp-json\/wp\/v2\/pages\/2722\/revisions\/339477"}],"wp:attachment":[{"href":"https:\/\/kgksuisse.ch\/fr\/wp-json\/wp\/v2\/media?parent=2722"}],"curies":[{"name":"wp","href":"https:\/\/api.w.org\/{rel}","templated":true}]}}