
{"id":2706,"date":"2024-11-19T10:40:42","date_gmt":"2024-11-19T10:40:42","guid":{"rendered":"https:\/\/kgksuisse.ch\/technologie-tracr\/"},"modified":"2026-03-24T10:48:44","modified_gmt":"2026-03-24T10:48:44","slug":"technologie-tracr","status":"publish","type":"page","link":"https:\/\/kgksuisse.ch\/fr\/notre-service\/technologie-tracr\/","title":{"rendered":"Technologie Tracr"},"content":{"rendered":"\n<div class=\"wp-block-group has-global-padding is-layout-constrained wp-block-group-is-layout-constrained\" style=\"padding-top:var(--wp--preset--spacing--60);padding-bottom:var(--wp--preset--spacing--60)\">\n<div id=\"acf-block-6787a0d04a12f\" class=\"image-mode-switcher fade-in-up-400 aligncenter image-mode-switcher-69f18000ec6ad\">\n            <img decoding=\"async\" class=\"light-mode-image\" src=\"https:\/\/kgksuisse.ch\/wp-content\/uploads\/2026\/03\/Logotype-Black.svg\" alt=\"\">\n        <img decoding=\"async\" class=\"dark-mode-image\" src=\"https:\/\/kgksuisse.ch\/wp-content\/uploads\/2026\/03\/Logotype-White.svg\" alt=\"\">\n    <\/div>\n\n\n<style>\n    .image-mode-switcher-69f18000ec6ad {\n        position: relative;\n        display: flex;\n        justify-content: center;\n        align-items: center;\n        height: 90px;\n    }\n\n    .image-mode-switcher-69f18000ec6ad img {\n        width: 100%;\n        height: 100%;\n        object-fit: contain;\n    }\n\n    \/* Light mode (default) *\/\n    .image-mode-switcher-69f18000ec6ad .dark-mode-image {\n        display: none;\n    }\n\n    .image-mode-switcher-69f18000ec6ad .light-mode-image {\n        display: block;\n    }\n\n    \/* Dark mode *\/\n    .dark-mode-on .image-mode-switcher-69f18000ec6ad .light-mode-image {\n        display: none;\n    }\n\n    .dark-mode-on .image-mode-switcher-69f18000ec6ad .dark-mode-image {\n        display: block;\n    }\n<\/style>\n<\/div>\n\n<p class=\"has-text-align-center fade-in-up-600\">Nos diamants certifi\u00e9s sont disponibles sur Tracr, ce qui vous permet de d\u00e9couvrir l&rsquo;origine et le parcours de votre diamant.\nTracr est la premi\u00e8re plateforme num\u00e9rique au monde pour la tra\u00e7abilit\u00e9 des diamants naturels depuis leur source. Elle vous permet d&rsquo;explorer l&rsquo;origine et le parcours unique de votre diamant \u00e0 mesure qu&rsquo;il passe de la pierre brute \u00e0 la taille.\nGr\u00e2ce \u00e0 l&rsquo;utilisation de l&rsquo;intelligence artificielle et de la technologie blockchain, Tracr permet d&rsquo;enregistrer le parcours d&rsquo;un diamant et offre aux consommateurs une plus grande confiance dans son origine et dans l&rsquo;impact positif qu&rsquo;il a eu dans le pays o\u00f9 il a \u00e9t\u00e9 d\u00e9couvert.    <\/p>\n\n<p class=\"has-text-align-center fade-in-up-800\">Lorsque vous achetez un de nos diamants certifi\u00e9s, vous recevez \u00e0 la livraison le \u00ab\u00a0Tracr ID\u00a0\u00bb qui vous permet de d\u00e9couvrir le parcours de votre diamant et bien plus encore sur <a href=\"http:\/\/www.tracr.com\" data-type=\"link\" data-id=\"www.tracr.com\">www.tracr.com<\/a>.<\/p>\n\n<div class=\"wp-block-group alignwide is-layout-flow wp-block-group-is-layout-flow\" style=\"padding-top:var(--wp--preset--spacing--70);padding-bottom:var(--wp--preset--spacing--70)\">\n<figure class=\"wp-block-gallery has-nested-images columns-default is-cropped fade-in-up-600 wp-block-gallery-1 is-layout-flex wp-block-gallery-is-layout-flex\">\n<figure class=\"wp-block-image size-full\"><a href=\"https:\/\/kgksuisse.ch\/wp-content\/uploads\/2026\/03\/Your-diamond-Tablet-Landscape-1_2026.webp\" target=\"_blank\" rel=\"noopener\"><img loading=\"lazy\" decoding=\"async\" width=\"1280\" height=\"1004\" data-id=\"339401\" src=\"https:\/\/kgksuisse.ch\/wp-content\/uploads\/2026\/03\/Your-diamond-Tablet-Landscape-1_2026.webp\" alt=\"\" class=\"wp-image-339401\" srcset=\"https:\/\/kgksuisse.ch\/wp-content\/uploads\/2026\/03\/Your-diamond-Tablet-Landscape-1_2026.webp 1280w, https:\/\/kgksuisse.ch\/wp-content\/uploads\/2026\/03\/Your-diamond-Tablet-Landscape-1_2026-300x235.webp 300w, https:\/\/kgksuisse.ch\/wp-content\/uploads\/2026\/03\/Your-diamond-Tablet-Landscape-1_2026-1024x803.webp 1024w, https:\/\/kgksuisse.ch\/wp-content\/uploads\/2026\/03\/Your-diamond-Tablet-Landscape-1_2026-768x602.webp 768w, https:\/\/kgksuisse.ch\/wp-content\/uploads\/2026\/03\/Your-diamond-Tablet-Landscape-1_2026-123x96.webp 123w, https:\/\/kgksuisse.ch\/wp-content\/uploads\/2026\/03\/Your-diamond-Tablet-Landscape-1_2026-600x471.webp 600w\" sizes=\"auto, (max-width: 1280px) 100vw, 1280px\" \/><\/a><\/figure>\n\n\n\n<figure class=\"wp-block-image size-full\"><a href=\"https:\/\/kgksuisse.ch\/wp-content\/uploads\/2026\/03\/Provenance-Tablet-Landscape_2026.webp\" target=\"_blank\" rel=\"noopener\"><img loading=\"lazy\" decoding=\"async\" width=\"1280\" height=\"1004\" data-id=\"339398\" src=\"https:\/\/kgksuisse.ch\/wp-content\/uploads\/2026\/03\/Provenance-Tablet-Landscape_2026.webp\" alt=\"\" class=\"wp-image-339398\" srcset=\"https:\/\/kgksuisse.ch\/wp-content\/uploads\/2026\/03\/Provenance-Tablet-Landscape_2026.webp 1280w, https:\/\/kgksuisse.ch\/wp-content\/uploads\/2026\/03\/Provenance-Tablet-Landscape_2026-300x235.webp 300w, https:\/\/kgksuisse.ch\/wp-content\/uploads\/2026\/03\/Provenance-Tablet-Landscape_2026-1024x803.webp 1024w, https:\/\/kgksuisse.ch\/wp-content\/uploads\/2026\/03\/Provenance-Tablet-Landscape_2026-768x602.webp 768w, https:\/\/kgksuisse.ch\/wp-content\/uploads\/2026\/03\/Provenance-Tablet-Landscape_2026-123x96.webp 123w, https:\/\/kgksuisse.ch\/wp-content\/uploads\/2026\/03\/Provenance-Tablet-Landscape_2026-600x471.webp 600w\" sizes=\"auto, (max-width: 1280px) 100vw, 1280px\" \/><\/a><\/figure>\n\n\n\n<figure class=\"wp-block-image size-full\"><a href=\"https:\/\/kgksuisse.ch\/wp-content\/uploads\/2026\/03\/Gross-Grading-Tablet-Landscape_2026.webp\" target=\"_blank\" rel=\"noopener\"><img loading=\"lazy\" decoding=\"async\" width=\"1280\" height=\"1004\" data-id=\"339404\" src=\"https:\/\/kgksuisse.ch\/wp-content\/uploads\/2026\/03\/Gross-Grading-Tablet-Landscape_2026.webp\" alt=\"\" class=\"wp-image-339404\" srcset=\"https:\/\/kgksuisse.ch\/wp-content\/uploads\/2026\/03\/Gross-Grading-Tablet-Landscape_2026.webp 1280w, https:\/\/kgksuisse.ch\/wp-content\/uploads\/2026\/03\/Gross-Grading-Tablet-Landscape_2026-300x235.webp 300w, https:\/\/kgksuisse.ch\/wp-content\/uploads\/2026\/03\/Gross-Grading-Tablet-Landscape_2026-1024x803.webp 1024w, https:\/\/kgksuisse.ch\/wp-content\/uploads\/2026\/03\/Gross-Grading-Tablet-Landscape_2026-768x602.webp 768w, https:\/\/kgksuisse.ch\/wp-content\/uploads\/2026\/03\/Gross-Grading-Tablet-Landscape_2026-123x96.webp 123w, https:\/\/kgksuisse.ch\/wp-content\/uploads\/2026\/03\/Gross-Grading-Tablet-Landscape_2026-600x471.webp 600w\" sizes=\"auto, (max-width: 1280px) 100vw, 1280px\" \/><\/a><\/figure>\n<\/figure>\n<\/div>\n\n<p><\/p>\n","protected":false},"excerpt":{"rendered":"<p>Nos diamants certifi\u00e9s sont disponibles sur Tracr, ce qui vous permet de d\u00e9couvrir l&rsquo;origine et le parcours de votre diamant. Tracr est la premi\u00e8re plateforme num\u00e9rique au monde pour la tra\u00e7abilit\u00e9 des diamants naturels depuis leur source. Elle vous permet d&rsquo;explorer l&rsquo;origine et le parcours unique de votre diamant \u00e0 mesure qu&rsquo;il passe de la [&hellip;]<\/p>\n","protected":false},"author":1,"featured_media":0,"parent":2792,"menu_order":0,"comment_status":"closed","ping_status":"closed","template":"","meta":{"_acf_changed":false,"footnotes":""},"class_list":["post-2706","page","type-page","status-publish","hentry"],"acf":[],"_links":{"self":[{"href":"https:\/\/kgksuisse.ch\/fr\/wp-json\/wp\/v2\/pages\/2706","targetHints":{"allow":["GET"]}}],"collection":[{"href":"https:\/\/kgksuisse.ch\/fr\/wp-json\/wp\/v2\/pages"}],"about":[{"href":"https:\/\/kgksuisse.ch\/fr\/wp-json\/wp\/v2\/types\/page"}],"author":[{"embeddable":true,"href":"https:\/\/kgksuisse.ch\/fr\/wp-json\/wp\/v2\/users\/1"}],"replies":[{"embeddable":true,"href":"https:\/\/kgksuisse.ch\/fr\/wp-json\/wp\/v2\/comments?post=2706"}],"version-history":[{"count":5,"href":"https:\/\/kgksuisse.ch\/fr\/wp-json\/wp\/v2\/pages\/2706\/revisions"}],"predecessor-version":[{"id":339501,"href":"https:\/\/kgksuisse.ch\/fr\/wp-json\/wp\/v2\/pages\/2706\/revisions\/339501"}],"up":[{"embeddable":true,"href":"https:\/\/kgksuisse.ch\/fr\/wp-json\/wp\/v2\/pages\/2792"}],"wp:attachment":[{"href":"https:\/\/kgksuisse.ch\/fr\/wp-json\/wp\/v2\/media?parent=2706"}],"curies":[{"name":"wp","href":"https:\/\/api.w.org\/{rel}","templated":true}]}}